{"id":34,"date":"2011-07-07T13:08:24","date_gmt":"2011-07-07T13:08:24","guid":{"rendered":"http:\/\/curtziegler.com\/sitedemo\/mono-dev\/?page_id=34"},"modified":"2012-09-30T16:02:10","modified_gmt":"2012-09-30T14:02:10","slug":"about","status":"publish","type":"page","link":"https:\/\/supersushiwarriors.visitors-j.com\/?page_id=34","title":{"rendered":"About"},"content":{"rendered":"<p><img loading=\"lazy\" decoding=\"async\" class=\"alignnone  wp-image-387\" title=\"about\" src=\"http:\/\/supersushiwarriors.visitors-j.com\/wp-content\/uploads\/about.jpg\" alt=\"about\" width=\"800\" height=\"550\" \/><\/p>\n<p>Tim Bruns<br \/>\nGeboren: ja<br \/>\nFotograf, Student (m\u00f6glichst lange), Weltreisender<\/p>\n<p>Lars Riemenschneider<br \/>\nGeboren: auch<br \/>\nKein Student mehr, d. h. keine staatlichen Zusch\u00fcsse f\u00fcrs Nichtstun, auch Weltreisender<\/p>\n<p>Das Ziel: Japan, momentan Tokio<\/p>\n<p>Wir versuchen in ca. sechs Monaten so viel wie m\u00f6glich von Japan aufzusaugen, das ohne wirkliche Sprachkenntnisse, wie wir zu unserem Bedauern feststellen mussten. Dennoch: Das Gef\u00fchl stimmt.<\/p>\n<p>Die Devise: In Tokio zurechtkommen und ein paar Monate \u00fcberleben. Das Budget ist begrenzt, Geld muss und sollte irgendwie reinkommen. Eine Wohnung finden: auch gut. Wenn nicht, wird die Stra\u00dfe unser zu Hause.<\/p>\n<p>Sp\u00e4testens um die Jahreswende wollen wir das Land bereisen, hoffentlich mit einem Haufen Erfahrung, Geld und einigen zus\u00e4tzlichen Vokabeln im Gep\u00e4ck. Oder zumindest einem Zelt. Eine Reise ins Ungewisse, mit noch unbekanntem Ausgang. Spontaneit\u00e4t und Naivit\u00e4t sind die st\u00e4ndigen Begleiter und gl\u00fccklicherweise fest in unseren Charakteren verankert.<\/p>\n<p>Die Mission: Japan kennenlernen, vielleicht auch mehr. Wir brauchen das Land und das Land braucht uns.<\/p>\n<hr style=\"height: 1px; color: #aaa;\" \/>\n<p>Tim Bruns<br \/>\nBorn: yes<br \/>\nPhotographer, student (as long as possible), globetrotter<\/p>\n<p>Lars Riemenschneider<br \/>\nBorn: yes, me too<br \/>\nNot a student anymore, so no more state support for doing nothing, also a globetrotter<\/p>\n<p>The aim: Japan, Tokyo at the moment<br \/>\nWe try to enjoy our six months (more or less) trip in Japan as much as possible without having real Japanese language skills, as we realised with regret. However, the vibe is good.<\/p>\n<p>The device: To get along and survive a few months in Tokyo. The budget is limited, that\u2019s why we need to earn some money soon. Finding a flat would also be nice. If we don\u2019t get anything, the street will be our home.<\/p>\n<p>At the beginning of the next year, at the latest, we want to travel around the country. Hopefully, we have gathered a lot of experience, money and some additional vocabulary till then. Or at last a tent. It\u2019s a journey towards the uncertain with an unknown ending. Spontaneity and naivety are closely related to our characters and will be our steady companions.<\/p>\n<p>The mission: Getting to know Japan, maybe more. We need the country and the country needs us.<\/p>\n<p>ALL OF THIS WORK IS \u00a9 COPYRIGHT PROTECTED<\/p>\n","protected":false},"excerpt":{"rendered":"<p>Tim Bruns Geboren: ja Fotograf, Student (m\u00f6glichst lange), Weltreisender Lars Riemenschneider Geboren: auch Kein Student mehr, d. h. keine staatlichen Zusch\u00fcsse f\u00fcrs Nichtstun, auch Weltreisender Das Ziel: Japan, momentan Tokio Wir versuchen in ca. sechs Monaten so viel wie m\u00f6glich von Japan aufzusaugen, das ohne wirkliche Sprachkenntnisse, wie wir zu unserem Bedauern feststellen mussten. Dennoch: [&hellip;]<\/p>\n","protected":false},"author":1,"featured_media":0,"parent":0,"menu_order":0,"comment_status":"closed","ping_status":"closed","template":"","meta":{"footnotes":""},"_links":{"self":[{"href":"https:\/\/supersushiwarriors.visitors-j.com\/index.php?rest_route=\/wp\/v2\/pages\/34"}],"collection":[{"href":"https:\/\/supersushiwarriors.visitors-j.com\/index.php?rest_route=\/wp\/v2\/pages"}],"about":[{"href":"https:\/\/supersushiwarriors.visitors-j.com\/index.php?rest_route=\/wp\/v2\/types\/page"}],"author":[{"embeddable":true,"href":"https:\/\/supersushiwarriors.visitors-j.com\/index.php?rest_route=\/wp\/v2\/users\/1"}],"replies":[{"embeddable":true,"href":"https:\/\/supersushiwarriors.visitors-j.com\/index.php?rest_route=%2Fwp%2Fv2%2Fcomments&post=34"}],"version-history":[{"count":27,"href":"https:\/\/supersushiwarriors.visitors-j.com\/index.php?rest_route=\/wp\/v2\/pages\/34\/revisions"}],"predecessor-version":[{"id":309,"href":"https:\/\/supersushiwarriors.visitors-j.com\/index.php?rest_route=\/wp\/v2\/pages\/34\/revisions\/309"}],"wp:attachment":[{"href":"https:\/\/supersushiwarriors.visitors-j.com\/index.php?rest_route=%2Fwp%2Fv2%2Fmedia&parent=34"}],"curies":[{"name":"wp","href":"https:\/\/api.w.org\/{rel}","templated":true}]}}